{"id":100,"date":"2016-10-24T19:35:53","date_gmt":"2016-10-24T19:35:53","guid":{"rendered":"http:\/\/fundicionymaquinados.com\/es\/?page_id=100"},"modified":"2016-10-25T16:45:16","modified_gmt":"2016-10-25T16:45:16","slug":"quienes-somos","status":"publish","type":"page","link":"http:\/\/fundicionymaquinados.com\/es\/quienes-somos\/","title":{"rendered":"Qui\u00e9nes Somos"},"content":{"rendered":"<p>[et_pb_section admin_label=\u00bbSecci\u00f3n\u00bb fullwidth=\u00bbon\u00bb specialty=\u00bboff\u00bb][et_pb_fullwidth_header admin_label=\u00bbT\u00edtulo de anchura completa\u00bb title=\u00bbNuestra Empresa\u00bb background_layout=\u00bbdark\u00bb text_orientation=\u00bbcenter\u00bb header_fullscreen=\u00bboff\u00bb header_scroll_down=\u00bboff\u00bb background_url=\u00bbhttp:\/\/fundicionymaquinados.com\/es\/wp-content\/uploads\/2016\/10\/fundicion_fondo.jpg\u00bb parallax=\u00bbon\u00bb parallax_method=\u00bboff\u00bb content_orientation=\u00bbcenter\u00bb image_orientation=\u00bbcenter\u00bb custom_button_one=\u00bboff\u00bb button_one_letter_spacing=\u00bb0&#8243; button_one_use_icon=\u00bbdefault\u00bb button_one_icon_placement=\u00bbright\u00bb button_one_on_hover=\u00bbon\u00bb button_one_letter_spacing_hover=\u00bb0&#8243; custom_button_two=\u00bboff\u00bb button_two_letter_spacing=\u00bb0&#8243; button_two_use_icon=\u00bbdefault\u00bb button_two_icon_placement=\u00bbright\u00bb button_two_on_hover=\u00bbon\u00bb button_two_letter_spacing_hover=\u00bb0&#8243; title_font=\u00bb|on|||\u00bb title_font_size=\u00bb40px\u00bb] [\/et_pb_fullwidth_header][\/et_pb_section][et_pb_section admin_label=\u00bbsection\u00bb transparent_background=\u00bboff\u00bb allow_player_pause=\u00bboff\u00bb inner_shadow=\u00bboff\u00bb parallax=\u00bboff\u00bb parallax_method=\u00bboff\u00bb padding_mobile=\u00bboff\u00bb make_fullwidth=\u00bboff\u00bb use_custom_width=\u00bboff\u00bb width_unit=\u00bbon\u00bb make_equal=\u00bboff\u00bb use_custom_gutter=\u00bboff\u00bb][et_pb_row admin_label=\u00bbrow\u00bb][et_pb_column type=\u00bb1_2&#8243;][et_pb_text admin_label=\u00bbTexto\u00bb background_layout=\u00bblight\u00bb text_orientation=\u00bbleft\u00bb use_border_color=\u00bboff\u00bb border_color=\u00bb#ffffff\u00bb border_style=\u00bbsolid\u00bb]<\/p>\n<h2>Giro principal de la empresa<\/h2>\n<p>Fundici\u00f3n y maquinados de metales no ferrosos como bronce, cobre, aluminio y lat\u00f3n en barras s\u00f3lidas, huecas, soleras, anillos, quesos, piezas s\/modelo as\u00ed como maquinados industriales de piezas para maquinaria industrial.<\/p>\n<p>[\/et_pb_text][et_pb_divider admin_label=\u00bbSeparador\u00bb color=\u00bb#636363&#8243; show_divider=\u00bbon\u00bb divider_style=\u00bbdotted\u00bb divider_position=\u00bbtop\u00bb hide_on_mobile=\u00bbon\u00bb height=\u00bb4&#8243;] [\/et_pb_divider][et_pb_text admin_label=\u00bbTexto\u00bb background_layout=\u00bblight\u00bb text_orientation=\u00bbleft\u00bb use_border_color=\u00bboff\u00bb border_color=\u00bb#ffffff\u00bb border_style=\u00bbsolid\u00bb]<\/p>\n<h2>Experiencia laboral:<\/h2>\n<h4>Desde 1980 se fund\u00f3 ofreciendo servicios de fundici\u00f3n de piezas industriales a la peque\u00f1a y mediana industria, trabajando con metales como:<\/h4>\n<ul>\n<li>Bronce en sus diferentes normas y aleaciones como SAE 40, 41, 430, 62, 64, 65, 660, etc.<\/li>\n<li>Piezas de bronce: impulsores, chumaceras, soleras, bujes, flechas, soleras, barras redondas, piezas seg\u00fan muestra o dibujo.<\/li>\n<li>Cobre<\/li>\n<li>Lat\u00f3n<\/li>\n<li>Aluminio en sus diferentes aleaciones como 319, 356, 380, duraluminio, 3002, etc.<\/li>\n<li>Adem\u00e1s de maquila de piezas en hierro vaciado.<\/li>\n<li>Fabricaci\u00f3n de modelos industriales de madera y met\u00e1licos.<\/li>\n<li>Ofreciendo material certificado.<\/li>\n<\/ul>\n<p>[\/et_pb_text][\/et_pb_column][et_pb_column type=\u00bb1_2&#8243;][et_pb_image admin_label=\u00bbImagen\u00bb src=\u00bbhttp:\/\/fundicionymaquinados.com\/es\/wp-content\/uploads\/2016\/10\/FUNDICION-DE-ALUMINIO.jpg\u00bb show_in_lightbox=\u00bboff\u00bb url_new_window=\u00bboff\u00bb use_overlay=\u00bboff\u00bb animation=\u00bbleft\u00bb sticky=\u00bboff\u00bb align=\u00bbleft\u00bb force_fullwidth=\u00bboff\u00bb always_center_on_mobile=\u00bbon\u00bb use_border_color=\u00bboff\u00bb border_color=\u00bb#ffffff\u00bb border_style=\u00bbsolid\u00bb] [\/et_pb_image][et_pb_divider admin_label=\u00bbSeparador\u00bb color=\u00bb#636363&#8243; show_divider=\u00bbon\u00bb height=\u00bb11&#8243; divider_style=\u00bbdotted\u00bb divider_position=\u00bbtop\u00bb hide_on_mobile=\u00bbon\u00bb] [\/et_pb_divider][et_pb_text admin_label=\u00bbTexto\u00bb background_layout=\u00bblight\u00bb text_orientation=\u00bbleft\u00bb use_border_color=\u00bboff\u00bb border_color=\u00bb#ffffff\u00bb border_style=\u00bbsolid\u00bb]<\/p>\n<h2>\u00c1rea de trabajo disponible:<\/h2>\n<p>Nave industrial de 1,350 m2 incluye oficinas, recepci\u00f3n, \u00e1rea de embarque, etc.<br \/>\nUbicado en Carretera a Colombia Km. 3.5. N\u00b0 515 Col. Ampliaci\u00f3n L\u00e1zaro C\u00e1rdenas en el municipio de General Escobedo, Nuevo Le\u00f3n.<\/p>\n<p>[\/et_pb_text][\/et_pb_column][\/et_pb_row][et_pb_row admin_label=\u00bbFila\u00bb][et_pb_column type=\u00bb4_4&#8243;][et_pb_divider admin_label=\u00bbSeparador\u00bb color=\u00bb#636363&#8243; show_divider=\u00bbon\u00bb divider_style=\u00bbdotted\u00bb divider_position=\u00bbtop\u00bb hide_on_mobile=\u00bbon\u00bb] [\/et_pb_divider][\/et_pb_column][\/et_pb_row][\/et_pb_section]<\/p>\n","protected":false},"excerpt":{"rendered":"<p>[et_pb_section admin_label=\u00bbSecci\u00f3n\u00bb fullwidth=\u00bbon\u00bb specialty=\u00bboff\u00bb][et_pb_fullwidth_header admin_label=\u00bbT\u00edtulo de anchura completa\u00bb title=\u00bbNuestra Empresa\u00bb background_layout=\u00bbdark\u00bb text_orientation=\u00bbcenter\u00bb header_fullscreen=\u00bboff\u00bb header_scroll_down=\u00bboff\u00bb background_url=\u00bbhttp:\/\/fundicionymaquinados.com\/es\/wp-content\/uploads\/2016\/10\/fundicion_fondo.jpg\u00bb parallax=\u00bbon\u00bb parallax_method=\u00bboff\u00bb content_orientation=\u00bbcenter\u00bb image_orientation=\u00bbcenter\u00bb custom_button_one=\u00bboff\u00bb button_one_letter_spacing=\u00bb0&#8243; button_one_use_icon=\u00bbdefault\u00bb button_one_icon_placement=\u00bbright\u00bb button_one_on_hover=\u00bbon\u00bb button_one_letter_spacing_hover=\u00bb0&#8243; custom_button_two=\u00bboff\u00bb button_two_letter_spacing=\u00bb0&#8243; button_two_use_icon=\u00bbdefault\u00bb button_two_icon_placement=\u00bbright\u00bb button_two_on_hover=\u00bbon\u00bb button_two_letter_spacing_hover=\u00bb0&#8243; title_font=\u00bb|on|||\u00bb title_font_size=\u00bb40px\u00bb] [\/et_pb_fullwidth_header][\/et_pb_section][et_pb_section admin_label=\u00bbsection\u00bb transparent_background=\u00bboff\u00bb allow_player_pause=\u00bboff\u00bb inner_shadow=\u00bboff\u00bb parallax=\u00bboff\u00bb parallax_method=\u00bboff\u00bb padding_mobile=\u00bboff\u00bb make_fullwidth=\u00bboff\u00bb use_custom_width=\u00bboff\u00bb width_unit=\u00bbon\u00bb make_equal=\u00bboff\u00bb use_custom_gutter=\u00bboff\u00bb][et_pb_row admin_label=\u00bbrow\u00bb][et_pb_column type=\u00bb1_2&#8243;][et_pb_text admin_label=\u00bbTexto\u00bb background_layout=\u00bblight\u00bb text_orientation=\u00bbleft\u00bb use_border_color=\u00bboff\u00bb border_color=\u00bb#ffffff\u00bb border_style=\u00bbsolid\u00bb] Giro [&hellip;]<\/p>\n","protected":false},"author":1,"featured_media":0,"parent":0,"menu_order":0,"comment_status":"closed","ping_status":"closed","template":"","meta":{"_et_pb_use_builder":"on","_et_pb_old_content":"","footnotes":""},"class_list":["post-100","page","type-page","status-publish","hentry"],"_links":{"self":[{"href":"http:\/\/fundicionymaquinados.com\/es\/wp-json\/wp\/v2\/pages\/100","targetHints":{"allow":["GET"]}}],"collection":[{"href":"http:\/\/fundicionymaquinados.com\/es\/wp-json\/wp\/v2\/pages"}],"about":[{"href":"http:\/\/fundicionymaquinados.com\/es\/wp-json\/wp\/v2\/types\/page"}],"author":[{"embeddable":true,"href":"http:\/\/fundicionymaquinados.com\/es\/wp-json\/wp\/v2\/users\/1"}],"replies":[{"embeddable":true,"href":"http:\/\/fundicionymaquinados.com\/es\/wp-json\/wp\/v2\/comments?post=100"}],"version-history":[{"count":22,"href":"http:\/\/fundicionymaquinados.com\/es\/wp-json\/wp\/v2\/pages\/100\/revisions"}],"predecessor-version":[{"id":292,"href":"http:\/\/fundicionymaquinados.com\/es\/wp-json\/wp\/v2\/pages\/100\/revisions\/292"}],"wp:attachment":[{"href":"http:\/\/fundicionymaquinados.com\/es\/wp-json\/wp\/v2\/media?parent=100"}],"curies":[{"name":"wp","href":"https:\/\/api.w.org\/{rel}","templated":true}]}}