{"id":74,"date":"2016-10-24T19:32:58","date_gmt":"2016-10-24T19:32:58","guid":{"rendered":"http:\/\/fundicionymaquinados.com\/es\/?page_id=74"},"modified":"2016-10-25T16:04:32","modified_gmt":"2016-10-25T16:04:32","slug":"metales-no-ferrosos","status":"publish","type":"page","link":"http:\/\/fundicionymaquinados.com\/es\/metales-no-ferrosos\/","title":{"rendered":"Metales No Ferrosos"},"content":{"rendered":"<p>[et_pb_section admin_label=\u00bbSecci\u00f3n\u00bb fullwidth=\u00bbon\u00bb specialty=\u00bboff\u00bb][et_pb_fullwidth_header admin_label=\u00bbT\u00edtulo de anchura completa\u00bb title=\u00bbMetales No Ferrosos\u00bb background_layout=\u00bbdark\u00bb text_orientation=\u00bbcenter\u00bb header_fullscreen=\u00bboff\u00bb header_scroll_down=\u00bboff\u00bb background_url=\u00bbhttp:\/\/fundicionymaquinados.com\/es\/wp-content\/uploads\/2016\/10\/fondo.jpg\u00bb parallax=\u00bboff\u00bb parallax_method=\u00bboff\u00bb content_orientation=\u00bbcenter\u00bb image_orientation=\u00bbcenter\u00bb custom_button_one=\u00bboff\u00bb button_one_letter_spacing=\u00bb0&#8243; button_one_use_icon=\u00bbdefault\u00bb button_one_icon_placement=\u00bbright\u00bb button_one_on_hover=\u00bbon\u00bb button_one_letter_spacing_hover=\u00bb0&#8243; custom_button_two=\u00bboff\u00bb button_two_letter_spacing=\u00bb0&#8243; button_two_use_icon=\u00bbdefault\u00bb button_two_icon_placement=\u00bbright\u00bb button_two_on_hover=\u00bbon\u00bb button_two_letter_spacing_hover=\u00bb0&#8243; title_font_color=\u00bb#ffffff\u00bb title_font=\u00bb|on|||\u00bb title_font_size=\u00bb40px\u00bb] [\/et_pb_fullwidth_header][\/et_pb_section][et_pb_section admin_label=\u00bbSecci\u00f3n\u00bb fullwidth=\u00bboff\u00bb specialty=\u00bboff\u00bb transparent_background=\u00bboff\u00bb allow_player_pause=\u00bboff\u00bb inner_shadow=\u00bboff\u00bb parallax=\u00bboff\u00bb parallax_method=\u00bboff\u00bb padding_mobile=\u00bboff\u00bb make_fullwidth=\u00bboff\u00bb use_custom_width=\u00bboff\u00bb width_unit=\u00bbon\u00bb make_equal=\u00bboff\u00bb use_custom_gutter=\u00bboff\u00bb background_image=\u00bbhttp:\/\/fundicionymaquinados.com\/es\/wp-content\/uploads\/2016\/10\/fondo_metal_b.jpg\u00bb][et_pb_row admin_label=\u00bbFila\u00bb][et_pb_column type=\u00bb1_3&#8243;][et_pb_text admin_label=\u00bbTexto\u00bb background_layout=\u00bblight\u00bb text_orientation=\u00bbleft\u00bb use_border_color=\u00bboff\u00bb border_color=\u00bb#ffffff\u00bb border_style=\u00bbsolid\u00bb]<\/p>\n<h3>Los metales no ferrosos se clasifican en tres grupos:<\/h3>\n<p><span style=\"color: #000000;\"><strong>Pesados:<\/strong> son aquellos cuya densidad es igual o mayor de 5 kg\/dm\u00b3,<\/span><\/p>\n<p><span style=\"color: #000000;\"><strong>Ligeros<\/strong>: su densidad esta comprendida entre 2 y 5 kg\/dm\u00b3.<\/span><\/p>\n<p><span style=\"color: #000000;\"><strong>Ultraligeros<\/strong>: su densidad es menor de 2 kg\/dm\u00b3.<\/span><\/p>\n<p>[\/et_pb_text][et_pb_slider admin_label=\u00bbDeslizador\u00bb show_arrows=\u00bbon\u00bb show_pagination=\u00bbon\u00bb auto=\u00bbon\u00bb auto_ignore_hover=\u00bbon\u00bb parallax=\u00bboff\u00bb parallax_method=\u00bboff\u00bb remove_inner_shadow=\u00bboff\u00bb background_position=\u00bbdefault\u00bb background_size=\u00bbdefault\u00bb hide_content_on_mobile=\u00bboff\u00bb hide_cta_on_mobile=\u00bboff\u00bb show_image_video_mobile=\u00bboff\u00bb custom_button=\u00bboff\u00bb button_letter_spacing=\u00bb0&#8243; button_use_icon=\u00bbdefault\u00bb button_icon_placement=\u00bbright\u00bb button_on_hover=\u00bbon\u00bb button_letter_spacing_hover=\u00bb0&#8243; header_text_color=\u00bb#000000&#8243;] [et_pb_slide heading=\u00bbAluminio\u00bb background_position=\u00bbdefault\u00bb background_size=\u00bbdefault\u00bb background_color=\u00bb#ffffff\u00bb image=\u00bbhttp:\/\/fundicionymaquinados.com\/es\/wp-content\/uploads\/2016\/10\/aluminio-1.jpg\u00bb use_bg_overlay=\u00bboff\u00bb use_text_overlay=\u00bboff\u00bb alignment=\u00bbcenter\u00bb background_layout=\u00bbdark\u00bb allow_player_pause=\u00bboff\u00bb text_border_radius=\u00bb3&#8243; header_font_select=\u00bbdefault\u00bb header_font=\u00bb||||\u00bb body_font_select=\u00bbdefault\u00bb body_font=\u00bb||||\u00bb custom_button=\u00bboff\u00bb button_font_select=\u00bbdefault\u00bb button_font=\u00bb||||\u00bb button_use_icon=\u00bbdefault\u00bb button_icon_placement=\u00bbright\u00bb button_on_hover=\u00bbon\u00bb] [\/et_pb_slide][et_pb_slide heading=\u00bbEsta\u00f1o\u00bb background_position=\u00bbdefault\u00bb background_size=\u00bbdefault\u00bb background_color=\u00bb#ffffff\u00bb image=\u00bbhttp:\/\/fundicionymaquinados.com\/es\/wp-content\/uploads\/2016\/10\/esta\u00f1o.jpg\u00bb use_bg_overlay=\u00bboff\u00bb use_text_overlay=\u00bboff\u00bb alignment=\u00bbcenter\u00bb background_layout=\u00bbdark\u00bb allow_player_pause=\u00bboff\u00bb text_border_radius=\u00bb3&#8243; header_font_select=\u00bbdefault\u00bb header_font=\u00bb||||\u00bb body_font_select=\u00bbdefault\u00bb body_font=\u00bb||||\u00bb custom_button=\u00bboff\u00bb button_font_select=\u00bbdefault\u00bb button_font=\u00bb||||\u00bb button_use_icon=\u00bbdefault\u00bb button_icon_placement=\u00bbright\u00bb button_on_hover=\u00bbon\u00bb] [\/et_pb_slide][et_pb_slide heading=\u00bbCobre\u00bb background_position=\u00bbdefault\u00bb background_size=\u00bbdefault\u00bb background_color=\u00bb#ffffff\u00bb image=\u00bbhttp:\/\/fundicionymaquinados.com\/es\/wp-content\/uploads\/2016\/10\/COBRE.jpg\u00bb use_bg_overlay=\u00bboff\u00bb use_text_overlay=\u00bboff\u00bb alignment=\u00bbcenter\u00bb background_layout=\u00bbdark\u00bb allow_player_pause=\u00bboff\u00bb text_border_radius=\u00bb3&#8243; header_font_select=\u00bbdefault\u00bb header_font=\u00bb||||\u00bb body_font_select=\u00bbdefault\u00bb body_font=\u00bb||||\u00bb custom_button=\u00bboff\u00bb button_font_select=\u00bbdefault\u00bb button_font=\u00bb||||\u00bb button_use_icon=\u00bbdefault\u00bb button_icon_placement=\u00bbright\u00bb button_on_hover=\u00bbon\u00bb] [\/et_pb_slide][et_pb_slide heading=\u00bbTitanio\u00bb background_position=\u00bbdefault\u00bb background_size=\u00bbdefault\u00bb background_color=\u00bb#ffffff\u00bb image=\u00bbhttp:\/\/fundicionymaquinados.com\/es\/wp-content\/uploads\/2016\/10\/titanio.jpg\u00bb use_bg_overlay=\u00bboff\u00bb use_text_overlay=\u00bboff\u00bb alignment=\u00bbcenter\u00bb background_layout=\u00bbdark\u00bb allow_player_pause=\u00bboff\u00bb text_border_radius=\u00bb3&#8243; header_font_select=\u00bbdefault\u00bb header_font=\u00bb||||\u00bb body_font_select=\u00bbdefault\u00bb body_font=\u00bb||||\u00bb custom_button=\u00bboff\u00bb button_font_select=\u00bbdefault\u00bb button_font=\u00bb||||\u00bb button_use_icon=\u00bbdefault\u00bb button_icon_placement=\u00bbright\u00bb button_on_hover=\u00bbon\u00bb] [\/et_pb_slide][et_pb_slide heading=\u00bbMagnesio\u00bb background_position=\u00bbdefault\u00bb background_size=\u00bbdefault\u00bb background_color=\u00bb#ffffff\u00bb image=\u00bbhttp:\/\/fundicionymaquinados.com\/es\/wp-content\/uploads\/2016\/10\/Magnesio.jpg\u00bb use_bg_overlay=\u00bboff\u00bb use_text_overlay=\u00bboff\u00bb alignment=\u00bbcenter\u00bb background_layout=\u00bbdark\u00bb allow_player_pause=\u00bboff\u00bb text_border_radius=\u00bb3&#8243; header_font_select=\u00bbdefault\u00bb header_font=\u00bb||||\u00bb body_font_select=\u00bbdefault\u00bb body_font=\u00bb||||\u00bb custom_button=\u00bboff\u00bb button_font_select=\u00bbdefault\u00bb button_font=\u00bb||||\u00bb button_use_icon=\u00bbdefault\u00bb button_icon_placement=\u00bbright\u00bb button_on_hover=\u00bbon\u00bb] [\/et_pb_slide] [\/et_pb_slider][et_pb_button admin_label=\u00bbBot\u00f3n\u00bb button_url=\u00bbhttp:\/\/www.fundicionymaquinados.com\/pdf\/MetalesnoFerrosos.pdf\u00bb url_new_window=\u00bboff\u00bb button_text=\u00bbDescargar PDF\u00bb button_alignment=\u00bbcenter\u00bb background_layout=\u00bblight\u00bb custom_button=\u00bbon\u00bb button_letter_spacing=\u00bb0&#8243; button_use_icon=\u00bbdefault\u00bb button_icon_placement=\u00bbright\u00bb button_on_hover=\u00bbon\u00bb button_letter_spacing_hover=\u00bb0&#8243; button_icon=\u00bb%%71%%\u00bb] [\/et_pb_button][\/et_pb_column][et_pb_column type=\u00bb2_3&#8243;][et_pb_tabs admin_label=\u00bbPesta\u00f1as\u00bb use_border_color=\u00bboff\u00bb border_color=\u00bb#ffffff\u00bb border_style=\u00bbsolid\u00bb active_tab_background_color=\u00bb#3a84c1&#8243; tab_font_size=\u00bb15&#8243; tab_text_color=\u00bb#000000&#8243;] [et_pb_tab title=\u00bbPesados\u00bb tab_font_select=\u00bbdefault\u00bb tab_font=\u00bb||||\u00bb tab_line_height=\u00bb2em\u00bb tab_line_height_tablet=\u00bb2em\u00bb tab_line_height_phone=\u00bb2em\u00bb body_font_select=\u00bbdefault\u00bb body_font=\u00bb||||\u00bb body_line_height=\u00bb2em\u00bb body_line_height_tablet=\u00bb2em\u00bb body_line_height_phone=\u00bb2em\u00bb]<\/p>\n<h3>Metales no ferrosos pesados:<\/h3>\n<h4><strong>Esta\u00f1o (Sn):<\/strong><\/h4>\n<p><strong>Caracter\u00edsticas:<\/strong> Se encuentra en la casiterita; su densidad es de 7,28 kg\/dm\u00b3, su punto de fusi\u00f3n alcanza los 231\u00baC; tiene una resistencia a la tracci\u00f3n de 5 kg\/mm\u00b2; en estado puro tiene un color muy brillante, pero a temperatura ambiente se oxida y lo pierde; a temperatura ambiente es tambi\u00e9n muy maleable y blando, sin embargo en caliente es fr\u00e1gil y quebradizo; por debajo de \u221218\u00baC se empieza a descomponer convirti\u00e9ndose en un polvo gris, este proceso es conocido como peste del esta\u00f1o; al doblarse se oye un crujido denominado grito del esta\u00f1o.<\/p>\n<p><strong>Aleaciones:<\/strong> las m\u00e1s importantes son el bronce (cobre + esta\u00f1o) y las soldaduras blandas (plomo + esta\u00f1o con proporciones de este entre el 25% y el 90%)<\/p>\n<p><strong>Aplicaciones:<\/strong> sus aplicaciones m\u00e1s importantes son la fabricaci\u00f3n de hojalata y proteger al acero contra la oxidaci\u00f3n.<\/p>\n<h4><strong>Cobre (Cu):<\/strong><\/h4>\n<p><strong>Caracter\u00edsticas:<\/strong> se encuentra en el cobre nativo, la calcopirita, la calcosina, la malaquita y la cuprita; su densidad es de 8,9 kg\/dm\u00b3; su punto de fusi\u00f3n de 1083\u00baC; su resistencia a la tracci\u00f3n es de 18 kg\/mm\u00b2; es muy d\u00factil, maleable, y posee una alta conductividad el\u00e9ctrica y t\u00e9rmica.<\/p>\n<p>[\/et_pb_tab][et_pb_tab title=\u00bbLigeros\u00bb tab_font_select=\u00bbdefault\u00bb tab_font=\u00bb||||\u00bb tab_line_height=\u00bb2em\u00bb tab_line_height_tablet=\u00bb2em\u00bb tab_line_height_phone=\u00bb2em\u00bb body_font_select=\u00bbdefault\u00bb body_font=\u00bb||||\u00bb body_line_height=\u00bb2em\u00bb body_line_height_tablet=\u00bb2em\u00bb body_line_height_phone=\u00bb2em\u00bb]<\/p>\n<h3>Metales no ferrosos ligeros:<\/h3>\n<h4><strong>Aluminio (Al):<\/strong><\/h4>\n<p><strong>Caracter\u00edsticas<\/strong>: se obtiene de la bauxita, su densidad es de 2,7 kg\/dm\u00b3; su punto de fusi\u00f3n de 660\u00baC; y su resistencia a la tracci\u00f3n de 10 kg\/mm\u00b2 (el doble si esta laminado o forjado); es muy ligero e inoxidable; es buen conductor de la electricidad y del calor, pesa poco y es muy maleable y d\u00factil.<\/p>\n<h4><strong>Titanio (Ti):<\/strong><\/h4>\n<p><strong>Caracter\u00edsticas:<\/strong> se obtiene del rulito y de la lime\u00f1ita; su densidad es de 4,45 kg\/dm\u00b3; su punto de fusi\u00f3n 1800\u00baC; y su resistencia a la tracci\u00f3n de 100kg\/mm\u00b2; es un metal blanco plateado que resiste mejor la corrosi\u00f3n y la oxidaci\u00f3n que el acero; sus propiedades son an\u00e1logas a las del acero con la propiedad que las conserva hasta los 400\u00baC<br \/>\n<strong>Aleaciones y aplicaciones:<\/strong><\/p>\n<p>Se emplea en la fabricaci\u00f3n de estructuras y elementos de maquinas aeron\u00e1uticas (aleado con el 8% de aluminio); en la fabricaci\u00f3n de herramientas de corte, aletas para turbinas y en forma de oxido y pulverizado para la fabricaci\u00f3n de pinturas antioxidantes y para el recubrimientos de edificios.<\/p>\n<p>[\/et_pb_tab][et_pb_tab title=\u00bbUltraligeros\u00bb tab_font_select=\u00bbdefault\u00bb tab_font=\u00bb||||\u00bb tab_line_height=\u00bb2em\u00bb tab_line_height_tablet=\u00bb2em\u00bb tab_line_height_phone=\u00bb2em\u00bb body_font_select=\u00bbdefault\u00bb body_font=\u00bb||||\u00bb body_line_height=\u00bb2em\u00bb body_line_height_tablet=\u00bb2em\u00bb body_line_height_phone=\u00bb2em\u00bb]<\/p>\n<h3>Metales no ferrosos ultraligeros:<\/h3>\n<h4><strong>Magnesio(Mg):<\/strong><\/h4>\n<p><strong>Caracter\u00edsticas<\/strong>: se obtiene de la carnalita, dolomita y magnesita; su densidad es de 1,74 kg\/dm\u00b3; su punto de fusi\u00f3n de 650\u00baC; y su resistencia a la tracci\u00f3n de 18 kg\/mm\u00b2; en estado liquido o polvo es muy inflamable, tiene un color blanco parecido al de la plata, es maleable y poco d\u00factil, es mas resistente que el aluminio<\/p>\n<p><strong>Aplicaciones y aleaciones:<\/strong><\/p>\n<p>Se emplea en estado puro, tiene pocas utilidades, excepto en la fabricaci\u00f3n de productos pirot\u00e9cnico y como desoxidante en los talleres de fundici\u00f3n de acero, tambi\u00e9n en aeron\u00e1utica.<\/p>\n<p>[\/et_pb_tab] [\/et_pb_tabs][\/et_pb_column][\/et_pb_row][\/et_pb_section]<\/p>\n","protected":false},"excerpt":{"rendered":"<p>[et_pb_section admin_label=\u00bbSecci\u00f3n\u00bb fullwidth=\u00bbon\u00bb specialty=\u00bboff\u00bb][et_pb_fullwidth_header admin_label=\u00bbT\u00edtulo de anchura completa\u00bb title=\u00bbMetales No Ferrosos\u00bb background_layout=\u00bbdark\u00bb text_orientation=\u00bbcenter\u00bb header_fullscreen=\u00bboff\u00bb header_scroll_down=\u00bboff\u00bb background_url=\u00bbhttp:\/\/fundicionymaquinados.com\/es\/wp-content\/uploads\/2016\/10\/fondo.jpg\u00bb parallax=\u00bboff\u00bb parallax_method=\u00bboff\u00bb content_orientation=\u00bbcenter\u00bb image_orientation=\u00bbcenter\u00bb custom_button_one=\u00bboff\u00bb button_one_letter_spacing=\u00bb0&#8243; button_one_use_icon=\u00bbdefault\u00bb button_one_icon_placement=\u00bbright\u00bb button_one_on_hover=\u00bbon\u00bb button_one_letter_spacing_hover=\u00bb0&#8243; custom_button_two=\u00bboff\u00bb button_two_letter_spacing=\u00bb0&#8243; button_two_use_icon=\u00bbdefault\u00bb button_two_icon_placement=\u00bbright\u00bb button_two_on_hover=\u00bbon\u00bb button_two_letter_spacing_hover=\u00bb0&#8243; title_font_color=\u00bb#ffffff\u00bb title_font=\u00bb|on|||\u00bb title_font_size=\u00bb40px\u00bb] [\/et_pb_fullwidth_header][\/et_pb_section][et_pb_section admin_label=\u00bbSecci\u00f3n\u00bb fullwidth=\u00bboff\u00bb specialty=\u00bboff\u00bb transparent_background=\u00bboff\u00bb allow_player_pause=\u00bboff\u00bb inner_shadow=\u00bboff\u00bb parallax=\u00bboff\u00bb parallax_method=\u00bboff\u00bb padding_mobile=\u00bboff\u00bb make_fullwidth=\u00bboff\u00bb use_custom_width=\u00bboff\u00bb width_unit=\u00bbon\u00bb make_equal=\u00bboff\u00bb use_custom_gutter=\u00bboff\u00bb background_image=\u00bbhttp:\/\/fundicionymaquinados.com\/es\/wp-content\/uploads\/2016\/10\/fondo_metal_b.jpg\u00bb][et_pb_row admin_label=\u00bbFila\u00bb][et_pb_column type=\u00bb1_3&#8243;][et_pb_text admin_label=\u00bbTexto\u00bb background_layout=\u00bblight\u00bb [&hellip;]<\/p>\n","protected":false},"author":1,"featured_media":0,"parent":0,"menu_order":0,"comment_status":"closed","ping_status":"closed","template":"","meta":{"_et_pb_use_builder":"on","_et_pb_old_content":"","footnotes":""},"class_list":["post-74","page","type-page","status-publish","hentry"],"_links":{"self":[{"href":"http:\/\/fundicionymaquinados.com\/es\/wp-json\/wp\/v2\/pages\/74","targetHints":{"allow":["GET"]}}],"collection":[{"href":"http:\/\/fundicionymaquinados.com\/es\/wp-json\/wp\/v2\/pages"}],"about":[{"href":"http:\/\/fundicionymaquinados.com\/es\/wp-json\/wp\/v2\/types\/page"}],"author":[{"embeddable":true,"href":"http:\/\/fundicionymaquinados.com\/es\/wp-json\/wp\/v2\/users\/1"}],"replies":[{"embeddable":true,"href":"http:\/\/fundicionymaquinados.com\/es\/wp-json\/wp\/v2\/comments?post=74"}],"version-history":[{"count":42,"href":"http:\/\/fundicionymaquinados.com\/es\/wp-json\/wp\/v2\/pages\/74\/revisions"}],"predecessor-version":[{"id":272,"href":"http:\/\/fundicionymaquinados.com\/es\/wp-json\/wp\/v2\/pages\/74\/revisions\/272"}],"wp:attachment":[{"href":"http:\/\/fundicionymaquinados.com\/es\/wp-json\/wp\/v2\/media?parent=74"}],"curies":[{"name":"wp","href":"https:\/\/api.w.org\/{rel}","templated":true}]}}