{"id":97,"date":"2016-10-24T19:35:39","date_gmt":"2016-10-24T19:35:39","guid":{"rendered":"http:\/\/fundicionymaquinados.com\/es\/?page_id=97"},"modified":"2021-09-30T20:41:10","modified_gmt":"2021-09-30T20:41:10","slug":"contacto","status":"publish","type":"page","link":"http:\/\/fundicionymaquinados.com\/es\/contacto\/","title":{"rendered":"Cont\u00e1ctanos"},"content":{"rendered":"<p>[et_pb_section fb_built=\u00bb1&#8243; fullwidth=\u00bbon\u00bb admin_label=\u00bbsection\u00bb _builder_version=\u00bb3.22&#8243;][et_pb_fullwidth_map address=\u00bbCarr. a Colombia 612, L\u00e1zaro C\u00e1rdenas, 66053 L\u00e1zaro C\u00e1rdenas, N.L., M\u00e9xico\u00bb zoom_level=\u00bb14&#8243; address_lat=\u00bb25.794383967003967&#8243; address_lng=\u00bb-100.29384726085203&#8243; mouse_wheel=\u00bboff\u00bb admin_label=\u00bbFullwidth Map\u00bb _builder_version=\u00bb3.0.91&#8243;][et_pb_map_pin title=\u00bbHeadquarters\u00bb pin_address=\u00bbCarr. a Colombia 612, L\u00e1zaro C\u00e1rdenas, 66053 L\u00e1zaro C\u00e1rdenas, N.L., M\u00e9xico\u00bb pin_address_lat=\u00bb25.7920197&#8243; pin_address_lng=\u00bb-100.29311769999998&#8243; _builder_version=\u00bb3.0.47&#8243;] [\/et_pb_map_pin][\/et_pb_fullwidth_map][\/et_pb_section][et_pb_section fb_built=\u00bb1&#8243; admin_label=\u00bbsection\u00bb _builder_version=\u00bb3.22&#8243;][et_pb_row column_structure=\u00bb2_3,1_3&#8243; padding_mobile=\u00bboff\u00bb column_padding_mobile=\u00bbon\u00bb admin_label=\u00bbrow\u00bb _builder_version=\u00bb4.0.10&#8243; background_size=\u00bbinitial\u00bb background_position=\u00bbtop_left\u00bb background_repeat=\u00bbrepeat\u00bb make_fullwidth=\u00bboff\u00bb use_custom_width=\u00bboff\u00bb width_unit=\u00bbon\u00bb][et_pb_column type=\u00bb2_3&#8243; _builder_version=\u00bb4.0.10&#8243; custom_padding=\u00bb|||\u00bb custom_padding__hover=\u00bb|||\u00bb][et_pb_contact_form email=\u00bbventas@fundicionymaquinados.com\u00bb title=\u00bbCont\u00e1ctanos\u00bb custom_message=\u00bbCorreo enviado desde el sitio web de Fundici\u00f3n y Maquinados||et_pb_line_break_holder||%%Name%%: ||et_pb_line_break_holder||%%Phone%%: ||et_pb_line_break_holder||%%Email%%: ||et_pb_line_break_holder||%%Message%%: ||et_pb_line_break_holder||\u00bb admin_label=\u00bbContact Form\u00bb _builder_version=\u00bb4.0.10&#8243; title_font=\u00bb|on|||\u00bb hover_enabled=\u00bb0&#8243; border_radii=\u00bbon|0px|0px|0px|0px\u00bb use_border_color=\u00bboff\u00bb border_color=\u00bb#ffffff\u00bb border_style=\u00bbsolid\u00bb input_border_radius=\u00bb0&#8243; button_letter_spacing_hover=\u00bb0&#8243;][et_pb_contact_field field_id=\u00bbName\u00bb field_title=\u00bbNombre\u00bb fullwidth_field=\u00bbon\u00bb _builder_version=\u00bb3.16&#8243; form_field_font=\u00bb||||\u00bb use_border_color=\u00bboff\u00bb border_style=\u00bbsolid\u00bb button_text_size__hover_enabled=\u00bboff\u00bb button_one_text_size__hover_enabled=\u00bboff\u00bb button_two_text_size__hover_enabled=\u00bboff\u00bb button_text_color__hover_enabled=\u00bboff\u00bb button_one_text_color__hover_enabled=\u00bboff\u00bb button_two_text_color__hover_enabled=\u00bboff\u00bb button_border_width__hover_enabled=\u00bboff\u00bb button_one_border_width__hover_enabled=\u00bboff\u00bb button_two_border_width__hover_enabled=\u00bboff\u00bb button_border_color__hover_enabled=\u00bboff\u00bb button_one_border_color__hover_enabled=\u00bboff\u00bb button_two_border_color__hover_enabled=\u00bboff\u00bb button_border_radius__hover_enabled=\u00bboff\u00bb button_one_border_radius__hover_enabled=\u00bboff\u00bb button_two_border_radius__hover_enabled=\u00bboff\u00bb button_letter_spacing__hover_enabled=\u00bboff\u00bb button_one_letter_spacing__hover_enabled=\u00bboff\u00bb button_two_letter_spacing__hover_enabled=\u00bboff\u00bb button_bg_color__hover_enabled=\u00bboff\u00bb button_one_bg_color__hover_enabled=\u00bboff\u00bb button_two_bg_color__hover_enabled=\u00bboff\u00bb] [\/et_pb_contact_field][et_pb_contact_field field_id=\u00bbPhone\u00bb field_title=\u00bbTel\u00e9fono\u00bb required_mark=\u00bboff\u00bb _builder_version=\u00bb4.0.10&#8243; form_field_font=\u00bb||||\u00bb use_border_color=\u00bboff\u00bb border_style=\u00bbsolid\u00bb button_text_size__hover_enabled=\u00bboff\u00bb button_one_text_size__hover_enabled=\u00bboff\u00bb button_two_text_size__hover_enabled=\u00bboff\u00bb button_text_color__hover_enabled=\u00bboff\u00bb button_one_text_color__hover_enabled=\u00bboff\u00bb button_two_text_color__hover_enabled=\u00bboff\u00bb button_border_width__hover_enabled=\u00bboff\u00bb button_one_border_width__hover_enabled=\u00bboff\u00bb button_two_border_width__hover_enabled=\u00bboff\u00bb button_border_color__hover_enabled=\u00bboff\u00bb button_one_border_color__hover_enabled=\u00bboff\u00bb button_two_border_color__hover_enabled=\u00bboff\u00bb button_border_radius__hover_enabled=\u00bboff\u00bb button_one_border_radius__hover_enabled=\u00bboff\u00bb button_two_border_radius__hover_enabled=\u00bboff\u00bb button_letter_spacing__hover_enabled=\u00bboff\u00bb button_one_letter_spacing__hover_enabled=\u00bboff\u00bb button_two_letter_spacing__hover_enabled=\u00bboff\u00bb button_bg_color__hover_enabled=\u00bboff\u00bb button_one_bg_color__hover_enabled=\u00bboff\u00bb button_two_bg_color__hover_enabled=\u00bboff\u00bb][\/et_pb_contact_field][et_pb_contact_field field_id=\u00bbEmail\u00bb field_title=\u00bbDirecci\u00f3n de correo electr\u00f3nico\u00bb field_type=\u00bbemail\u00bb _builder_version=\u00bb3.16&#8243; form_field_font=\u00bb||||\u00bb use_border_color=\u00bboff\u00bb border_style=\u00bbsolid\u00bb button_text_size__hover_enabled=\u00bboff\u00bb button_one_text_size__hover_enabled=\u00bboff\u00bb button_two_text_size__hover_enabled=\u00bboff\u00bb button_text_color__hover_enabled=\u00bboff\u00bb button_one_text_color__hover_enabled=\u00bboff\u00bb button_two_text_color__hover_enabled=\u00bboff\u00bb button_border_width__hover_enabled=\u00bboff\u00bb button_one_border_width__hover_enabled=\u00bboff\u00bb button_two_border_width__hover_enabled=\u00bboff\u00bb button_border_color__hover_enabled=\u00bboff\u00bb button_one_border_color__hover_enabled=\u00bboff\u00bb button_two_border_color__hover_enabled=\u00bboff\u00bb button_border_radius__hover_enabled=\u00bboff\u00bb button_one_border_radius__hover_enabled=\u00bboff\u00bb button_two_border_radius__hover_enabled=\u00bboff\u00bb button_letter_spacing__hover_enabled=\u00bboff\u00bb button_one_letter_spacing__hover_enabled=\u00bboff\u00bb button_two_letter_spacing__hover_enabled=\u00bboff\u00bb button_bg_color__hover_enabled=\u00bboff\u00bb button_one_bg_color__hover_enabled=\u00bboff\u00bb button_two_bg_color__hover_enabled=\u00bboff\u00bb] [\/et_pb_contact_field][et_pb_contact_field field_id=\u00bbMessage\u00bb field_title=\u00bbMensaje\u00bb field_type=\u00bbtext\u00bb fullwidth_field=\u00bbon\u00bb _builder_version=\u00bb3.16&#8243; button_text_size__hover_enabled=\u00bboff\u00bb button_one_text_size__hover_enabled=\u00bboff\u00bb button_two_text_size__hover_enabled=\u00bboff\u00bb button_text_color__hover_enabled=\u00bboff\u00bb button_one_text_color__hover_enabled=\u00bboff\u00bb button_two_text_color__hover_enabled=\u00bboff\u00bb button_border_width__hover_enabled=\u00bboff\u00bb button_one_border_width__hover_enabled=\u00bboff\u00bb button_two_border_width__hover_enabled=\u00bboff\u00bb button_border_color__hover_enabled=\u00bboff\u00bb button_one_border_color__hover_enabled=\u00bboff\u00bb button_two_border_color__hover_enabled=\u00bboff\u00bb button_border_radius__hover_enabled=\u00bboff\u00bb button_one_border_radius__hover_enabled=\u00bboff\u00bb button_two_border_radius__hover_enabled=\u00bboff\u00bb button_letter_spacing__hover_enabled=\u00bboff\u00bb button_one_letter_spacing__hover_enabled=\u00bboff\u00bb button_two_letter_spacing__hover_enabled=\u00bboff\u00bb button_bg_color__hover_enabled=\u00bboff\u00bb button_one_bg_color__hover_enabled=\u00bboff\u00bb button_two_bg_color__hover_enabled=\u00bboff\u00bb] [\/et_pb_contact_field][\/et_pb_contact_form][\/et_pb_column][et_pb_column type=\u00bb1_3&#8243; _builder_version=\u00bb3.25&#8243; custom_padding=\u00bb|||\u00bb custom_padding__hover=\u00bb|||\u00bb][et_pb_text admin_label=\u00bbText\u00bb _builder_version=\u00bb3.27.4&#8243; header_font=\u00bb|on|||\u00bb background_size=\u00bbinitial\u00bb background_position=\u00bbtop_left\u00bb background_repeat=\u00bbrepeat\u00bb use_border_color=\u00bboff\u00bb border_color=\u00bb#ffffff\u00bb border_style=\u00bbsolid\u00bb]<\/p>\n<h3>M\u00e1s informaci\u00f3n<\/h3>\n<p>Empresa fundada y establecida en el municipio de Escobedo Nuevo Le\u00f3n en el a\u00f1o de 1980 con una experiencia de m\u00e1s de 25 a\u00f1os ofreciendo la industria de servicios de fundici\u00f3n en materiales no ferrosos y aleaciones especiales; innovando y complementando con una divisi\u00f3n de maquinados con equipos modernos para una mayor precisi\u00f3n y rapidez en las entregas, cumpliendo con los est\u00e1ndares de calidad de nuestros clientes y distribuidores a nivel nacional.<\/p>\n<p><strong>Direcci\u00f3n:<\/strong> Carr. a Colombia k.m. 3.5 N\u00b0 612, Col. Ampliaci\u00f3n L\u00e1zaro C\u00e1rdenas, Escobedo N.L.<\/p>\n<p><strong>Tel\u00e9fono:<\/strong>\u00a0(01.81) 83.84 07.01<\/p>\n<p><strong>Tel\u00e9fono\/Fax:\u00a0<\/strong>(01.81) 83.84 23.24<\/p>\n<p>&nbsp;<br \/>\n[\/et_pb_text][\/et_pb_column][\/et_pb_row][\/et_pb_section]<\/p>\n","protected":false},"excerpt":{"rendered":"<p>[et_pb_section fb_built=\u00bb1&#8243; fullwidth=\u00bbon\u00bb admin_label=\u00bbsection\u00bb _builder_version=\u00bb3.22&#8243;][et_pb_fullwidth_map address=\u00bbCarr. a Colombia 612, L\u00e1zaro C\u00e1rdenas, 66053 L\u00e1zaro C\u00e1rdenas, N.L., M\u00e9xico\u00bb zoom_level=\u00bb14&#8243; address_lat=\u00bb25.794383967003967&#8243; address_lng=\u00bb-100.29384726085203&#8243; mouse_wheel=\u00bboff\u00bb admin_label=\u00bbFullwidth Map\u00bb _builder_version=\u00bb3.0.91&#8243;][et_pb_map_pin title=\u00bbHeadquarters\u00bb pin_address=\u00bbCarr. a Colombia 612, L\u00e1zaro C\u00e1rdenas, 66053 L\u00e1zaro C\u00e1rdenas, N.L., M\u00e9xico\u00bb pin_address_lat=\u00bb25.7920197&#8243; pin_address_lng=\u00bb-100.29311769999998&#8243; _builder_version=\u00bb3.0.47&#8243;] [\/et_pb_map_pin][\/et_pb_fullwidth_map][\/et_pb_section][et_pb_section fb_built=\u00bb1&#8243; admin_label=\u00bbsection\u00bb _builder_version=\u00bb3.22&#8243;][et_pb_row column_structure=\u00bb2_3,1_3&#8243; padding_mobile=\u00bboff\u00bb column_padding_mobile=\u00bbon\u00bb admin_label=\u00bbrow\u00bb _builder_version=\u00bb4.0.10&#8243; background_size=\u00bbinitial\u00bb background_position=\u00bbtop_left\u00bb background_repeat=\u00bbrepeat\u00bb make_fullwidth=\u00bboff\u00bb use_custom_width=\u00bboff\u00bb width_unit=\u00bbon\u00bb][et_pb_column type=\u00bb2_3&#8243; _builder_version=\u00bb4.0.10&#8243; [&hellip;]<\/p>\n","protected":false},"author":1,"featured_media":0,"parent":0,"menu_order":0,"comment_status":"closed","ping_status":"closed","template":"","meta":{"_et_pb_use_builder":"on","_et_pb_old_content":"","footnotes":""},"class_list":["post-97","page","type-page","status-publish","hentry"],"_links":{"self":[{"href":"http:\/\/fundicionymaquinados.com\/es\/wp-json\/wp\/v2\/pages\/97","targetHints":{"allow":["GET"]}}],"collection":[{"href":"http:\/\/fundicionymaquinados.com\/es\/wp-json\/wp\/v2\/pages"}],"about":[{"href":"http:\/\/fundicionymaquinados.com\/es\/wp-json\/wp\/v2\/types\/page"}],"author":[{"embeddable":true,"href":"http:\/\/fundicionymaquinados.com\/es\/wp-json\/wp\/v2\/users\/1"}],"replies":[{"embeddable":true,"href":"http:\/\/fundicionymaquinados.com\/es\/wp-json\/wp\/v2\/comments?post=97"}],"version-history":[{"count":15,"href":"http:\/\/fundicionymaquinados.com\/es\/wp-json\/wp\/v2\/pages\/97\/revisions"}],"predecessor-version":[{"id":334,"href":"http:\/\/fundicionymaquinados.com\/es\/wp-json\/wp\/v2\/pages\/97\/revisions\/334"}],"wp:attachment":[{"href":"http:\/\/fundicionymaquinados.com\/es\/wp-json\/wp\/v2\/media?parent=97"}],"curies":[{"name":"wp","href":"https:\/\/api.w.org\/{rel}","templated":true}]}}